{"id":734,"date":"2023-11-23T10:52:45","date_gmt":"2023-11-23T10:52:45","guid":{"rendered":"https:\/\/test9.dmagency-online.nl\/?post_type=product&#038;p=734"},"modified":"2024-09-26T11:10:01","modified_gmt":"2024-09-26T11:10:01","slug":"prada-3","status":"publish","type":"product","link":"https:\/\/test9.dmagency-online.nl\/?product=prada-3","title":{"rendered":"PRADA MACERACI\u00d3N"},"content":{"rendered":"<p>Druifsoort; Menc\u00eda<br \/>\nWijnstreek; DO Bierzo, Spanje<br \/>\nWijnmaker; Prada a Tope<\/p>\n<p>Dit is echt verrassend voor uw smaakpapillen, na het be\u00ebindigen van de oogst in het Palacio de Canedo arriveren de druiven in de bodega en wordt de wijn bereid volgens de maceraci\u00f3n carbonique methode. Al snel en binnen \u00e9\u00e9n maand volgt de botteling.<\/p>\n","protected":false},"excerpt":{"rendered":"<div class=\"product-details-module__content\">\n<div id=\"productDescription\" class=\"product-details__product-description\">\n<div>De spontane gisting en de snelle bereiding zorgt voor de volle aroma&#8217;s van rood fruit en subtiele tonen van kaneel. En in de mond vrolijk, sprankelend, verrassend.<\/div>\n<div><\/div>\n<p>&nbsp;<\/p>\n<p>&nbsp;<\/p>\n<\/div>\n<\/div>\n","protected":false},"featured_media":835,"comment_status":"open","ping_status":"closed","template":"","meta":{"_acf_changed":false},"product_cat":[39],"product_tag":[],"class_list":{"0":"post-734","1":"product","2":"type-product","3":"status-publish","4":"has-post-thumbnail","6":"product_cat-rode-wijn","8":"first","9":"instock","10":"shipping-taxable","11":"purchasable","12":"product-type-simple"},"acf":[],"_links":{"self":[{"href":"https:\/\/test9.dmagency-online.nl\/index.php?rest_route=\/wp\/v2\/product\/734","targetHints":{"allow":["GET"]}}],"collection":[{"href":"https:\/\/test9.dmagency-online.nl\/index.php?rest_route=\/wp\/v2\/product"}],"about":[{"href":"https:\/\/test9.dmagency-online.nl\/index.php?rest_route=\/wp\/v2\/types\/product"}],"replies":[{"embeddable":true,"href":"https:\/\/test9.dmagency-online.nl\/index.php?rest_route=%2Fwp%2Fv2%2Fcomments&post=734"}],"wp:featuredmedia":[{"embeddable":true,"href":"https:\/\/test9.dmagency-online.nl\/index.php?rest_route=\/wp\/v2\/media\/835"}],"wp:attachment":[{"href":"https:\/\/test9.dmagency-online.nl\/index.php?rest_route=%2Fwp%2Fv2%2Fmedia&parent=734"}],"wp:term":[{"taxonomy":"product_cat","embeddable":true,"href":"https:\/\/test9.dmagency-online.nl\/index.php?rest_route=%2Fwp%2Fv2%2Fproduct_cat&post=734"},{"taxonomy":"product_tag","embeddable":true,"href":"https:\/\/test9.dmagency-online.nl\/index.php?rest_route=%2Fwp%2Fv2%2Fproduct_tag&post=734"}],"curies":[{"name":"wp","href":"https:\/\/api.w.org\/{rel}","templated":true}]}}